{"id":126,"date":"2023-12-14T14:34:03","date_gmt":"2023-12-14T13:34:03","guid":{"rendered":"https:\/\/pastel.guru\/?page_id=126"},"modified":"2023-12-14T14:48:33","modified_gmt":"2023-12-14T13:48:33","slug":"sobre-nosotras","status":"publish","type":"page","link":"https:\/\/pastel.guru\/index.php\/sobre-nosotras\/","title":{"rendered":"Sobre Nosotras"},"content":{"rendered":"\t\t<div data-elementor-type=\"wp-page\" data-elementor-id=\"126\" class=\"elementor elementor-126\" data-elementor-post-type=\"page\">\n\t\t\t\t<div class=\"elementor-element elementor-element-53845a92 e-con-full e-flex e-con e-parent\" data-id=\"53845a92\" data-element_type=\"container\" data-e-type=\"container\">\n\t\t<div class=\"elementor-element elementor-element-418ccca1 e-con-full e-flex e-con e-child\" data-id=\"418ccca1\" data-element_type=\"container\" data-e-type=\"container\">\n\t\t\t\t<div class=\"elementor-element elementor-element-439352a8 elementor-nav-menu--dropdown-tablet elementor-nav-menu__text-align-aside elementor-nav-menu--toggle elementor-nav-menu--burger elementor-widget elementor-widget-nav-menu\" data-id=\"439352a8\" data-element_type=\"widget\" data-e-type=\"widget\" data-settings=\"{&quot;layout&quot;:&quot;horizontal&quot;,&quot;submenu_icon&quot;:{&quot;value&quot;:&quot;&lt;i class=\\&quot;fas fa-caret-down\\&quot;&gt;&lt;\\\/i&gt;&quot;,&quot;library&quot;:&quot;fa-solid&quot;},&quot;toggle&quot;:&quot;burger&quot;}\" data-widget_type=\"nav-menu.default\">\n\t\t\t\t<div class=\"elementor-widget-container\">\n\t\t\t\t\t\t\t\t<nav aria-label=\"Men\u00fa\" class=\"elementor-nav-menu--main elementor-nav-menu__container elementor-nav-menu--layout-horizontal e--pointer-underline e--animation-fade\">\n\t\t\t\t<ul id=\"menu-1-439352a8\" class=\"elementor-nav-menu\"><li class=\"menu-item menu-item-type-post_type menu-item-object-page menu-item-home menu-item-55\"><a href=\"https:\/\/pastel.guru\/\" class=\"elementor-item menu-link\">Home<\/a><\/li>\n<li class=\"menu-item menu-item-type-post_type menu-item-object-page menu-item-53\"><a href=\"https:\/\/pastel.guru\/index.php\/tienda\/\" class=\"elementor-item menu-link\">Tienda<\/a><\/li>\n<li class=\"menu-item menu-item-type-post_type menu-item-object-page menu-item-52\"><a href=\"https:\/\/pastel.guru\/index.php\/mi-cuenta\/\" class=\"elementor-item menu-link\">Mi cuenta<\/a><\/li>\n<li class=\"menu-item menu-item-type-post_type menu-item-object-page menu-item-54\"><a href=\"https:\/\/pastel.guru\/index.php\/carrito\/\" class=\"elementor-item menu-link\">Carrito<\/a><\/li>\n<\/ul>\t\t\t<\/nav>\n\t\t\t\t\t<div class=\"elementor-menu-toggle\" role=\"button\" tabindex=\"0\" aria-label=\"Alternar men\u00fa\" aria-expanded=\"false\">\n\t\t\t<i aria-hidden=\"true\" role=\"presentation\" class=\"elementor-menu-toggle__icon--open eicon-menu-bar\"><\/i><i aria-hidden=\"true\" role=\"presentation\" class=\"elementor-menu-toggle__icon--close eicon-close\"><\/i>\t\t<\/div>\n\t\t\t\t\t<nav class=\"elementor-nav-menu--dropdown elementor-nav-menu__container\" aria-hidden=\"true\">\n\t\t\t\t<ul id=\"menu-2-439352a8\" class=\"elementor-nav-menu\"><li class=\"menu-item menu-item-type-post_type menu-item-object-page menu-item-home menu-item-55\"><a href=\"https:\/\/pastel.guru\/\" class=\"elementor-item menu-link\" tabindex=\"-1\">Home<\/a><\/li>\n<li class=\"menu-item menu-item-type-post_type menu-item-object-page menu-item-53\"><a href=\"https:\/\/pastel.guru\/index.php\/tienda\/\" class=\"elementor-item menu-link\" tabindex=\"-1\">Tienda<\/a><\/li>\n<li class=\"menu-item menu-item-type-post_type menu-item-object-page menu-item-52\"><a href=\"https:\/\/pastel.guru\/index.php\/mi-cuenta\/\" class=\"elementor-item menu-link\" tabindex=\"-1\">Mi cuenta<\/a><\/li>\n<li class=\"menu-item menu-item-type-post_type menu-item-object-page menu-item-54\"><a href=\"https:\/\/pastel.guru\/index.php\/carrito\/\" class=\"elementor-item menu-link\" tabindex=\"-1\">Carrito<\/a><\/li>\n<\/ul>\t\t\t<\/nav>\n\t\t\t\t\t\t<\/div>\n\t\t\t\t<\/div>\n\t\t\t\t<\/div>\n\t\t<div class=\"elementor-element elementor-element-5e3fc016 e-con-full e-flex e-con e-child\" data-id=\"5e3fc016\" data-element_type=\"container\" data-e-type=\"container\">\n\t\t\t\t<div class=\"elementor-element elementor-element-7a7960dd elementor-widget__width-auto elementor-shape-rounded elementor-grid-0 e-grid-align-center elementor-widget elementor-widget-social-icons\" data-id=\"7a7960dd\" data-element_type=\"widget\" data-e-type=\"widget\" data-widget_type=\"social-icons.default\">\n\t\t\t\t<div class=\"elementor-widget-container\">\n\t\t\t\t\t\t\t<div class=\"elementor-social-icons-wrapper elementor-grid\" role=\"list\">\n\t\t\t\t\t\t\t<span class=\"elementor-grid-item\" role=\"listitem\">\n\t\t\t\t\t<a class=\"elementor-icon elementor-social-icon elementor-social-icon-whatsapp elementor-repeater-item-d0903b1\" target=\"_blank\">\n\t\t\t\t\t\t<span class=\"elementor-screen-only\">Whatsapp<\/span>\n\t\t\t\t\t\t<i aria-hidden=\"true\" class=\"fab fa-whatsapp\"><\/i>\t\t\t\t\t<\/a>\n\t\t\t\t<\/span>\n\t\t\t\t\t\t\t<span class=\"elementor-grid-item\" role=\"listitem\">\n\t\t\t\t\t<a class=\"elementor-icon elementor-social-icon elementor-social-icon-instagram elementor-repeater-item-813a262\" target=\"_blank\">\n\t\t\t\t\t\t<span class=\"elementor-screen-only\">Instagram<\/span>\n\t\t\t\t\t\t<i aria-hidden=\"true\" class=\"fab fa-instagram\"><\/i>\t\t\t\t\t<\/a>\n\t\t\t\t<\/span>\n\t\t\t\t\t\t\t<span class=\"elementor-grid-item\" role=\"listitem\">\n\t\t\t\t\t<a class=\"elementor-icon elementor-social-icon elementor-social-icon-youtube elementor-repeater-item-c025b32\" target=\"_blank\">\n\t\t\t\t\t\t<span class=\"elementor-screen-only\">Youtube<\/span>\n\t\t\t\t\t\t<i aria-hidden=\"true\" class=\"fab fa-youtube\"><\/i>\t\t\t\t\t<\/a>\n\t\t\t\t<\/span>\n\t\t\t\t\t\t\t<span class=\"elementor-grid-item\" role=\"listitem\">\n\t\t\t\t\t<a class=\"elementor-icon elementor-social-icon elementor-social-icon-tiktok elementor-repeater-item-8c062f4\" target=\"_blank\">\n\t\t\t\t\t\t<span class=\"elementor-screen-only\">Tiktok<\/span>\n\t\t\t\t\t\t<i aria-hidden=\"true\" class=\"fab fa-tiktok\"><\/i>\t\t\t\t\t<\/a>\n\t\t\t\t<\/span>\n\t\t\t\t\t<\/div>\n\t\t\t\t\t\t<\/div>\n\t\t\t\t<\/div>\n\t\t\t\t<\/div>\n\t\t\t\t<\/div>\n\t\t<div class=\"elementor-element elementor-element-57be872 e-flex e-con-boxed e-con e-parent\" data-id=\"57be872\" data-element_type=\"container\" data-e-type=\"container\">\n\t\t\t\t\t<div class=\"e-con-inner\">\n\t\t\t\t<div class=\"elementor-element elementor-element-283506d elementor-widget elementor-widget-heading\" data-id=\"283506d\" data-element_type=\"widget\" data-e-type=\"widget\" data-widget_type=\"heading.default\">\n\t\t\t\t<div class=\"elementor-widget-container\">\n\t\t\t\t\t<h2 class=\"elementor-heading-title elementor-size-default\">Sobre Nosotras - El Coraz\u00f3n de Nuestra Dulce Creaci\u00f3n \ud83e\uddc1\u2728<\/h2>\t\t\t\t<\/div>\n\t\t\t\t<\/div>\n\t\t\t\t<div class=\"elementor-element elementor-element-07e22f3 elementor-widget elementor-widget-image\" data-id=\"07e22f3\" data-element_type=\"widget\" data-e-type=\"widget\" data-widget_type=\"image.default\">\n\t\t\t\t<div class=\"elementor-widget-container\">\n\t\t\t\t\t\t\t\t\t\t\t\t\t\t\t<img fetchpriority=\"high\" decoding=\"async\" width=\"1024\" height=\"1024\" src=\"https:\/\/pastel.guru\/wp-content\/uploads\/2023\/12\/5-copy-1024x1024.png\" class=\"attachment-large size-large wp-image-136\" alt=\"\" srcset=\"https:\/\/pastel.guru\/wp-content\/uploads\/2023\/12\/5-copy-1024x1024.png 1024w, https:\/\/pastel.guru\/wp-content\/uploads\/2023\/12\/5-copy-300x300.png 300w, https:\/\/pastel.guru\/wp-content\/uploads\/2023\/12\/5-copy-150x150.png 150w, https:\/\/pastel.guru\/wp-content\/uploads\/2023\/12\/5-copy-768x768.png 768w, https:\/\/pastel.guru\/wp-content\/uploads\/2023\/12\/5-copy-600x600.png 600w, https:\/\/pastel.guru\/wp-content\/uploads\/2023\/12\/5-copy-100x100.png 100w, https:\/\/pastel.guru\/wp-content\/uploads\/2023\/12\/5-copy.png 1125w\" sizes=\"(max-width: 1024px) 100vw, 1024px\" \/>\t\t\t\t\t\t\t\t\t\t\t\t\t\t\t<\/div>\n\t\t\t\t<\/div>\n\t\t\t\t<div class=\"elementor-element elementor-element-546216d elementor-widget elementor-widget-heading\" data-id=\"546216d\" data-element_type=\"widget\" data-e-type=\"widget\" data-widget_type=\"heading.default\">\n\t\t\t\t<div class=\"elementor-widget-container\">\n\t\t\t\t\t<h2 class=\"elementor-heading-title elementor-size-default\">Bienvenidos a Paste.Guru donde la reposter\u00eda se encuentra con el arte.<\/h2>\t\t\t\t<\/div>\n\t\t\t\t<\/div>\n\t\t\t\t<div class=\"elementor-element elementor-element-8f59c1a elementor-widget elementor-widget-text-editor\" data-id=\"8f59c1a\" data-element_type=\"widget\" data-e-type=\"widget\" data-widget_type=\"text-editor.default\">\n\t\t\t\t<div class=\"elementor-widget-container\">\n\t\t\t\t\t\t\t\t\t<p>Somos dos chicas apasionadas por el dulce mundo de la reposter\u00eda y el dise\u00f1o, unidas por el sue\u00f1o de crear experiencias \u00fanicas y memorables a trav\u00e9s de nuestros postres.<\/p><p><strong>Nuestra Historia<\/strong> Todo comenz\u00f3 con un batidor, un horno y una gran dosis de creatividad. Desde nuestros primeros experimentos en la cocina hasta el nacimiento de Pastel.Guru, nuestra pasi\u00f3n ha sido siempre la reposter\u00eda de alta calidad y el dise\u00f1o excepcional. Quer\u00edamos algo m\u00e1s que simplemente hacer tartas; busc\u00e1bamos crear arte comestible que capturara tanto el paladar como la vista.<\/p><p><strong>Nuestro Compromiso<\/strong> Nos enorgullecemos de ofrecer reposter\u00eda exclusiva, prestando atenci\u00f3n meticulosa a cada detalle. Cada tarta, cada postre que sale de nuestro horno es el resultado de horas de dedicaci\u00f3n y amor. Creemos que la calidad est\u00e1 en los detalles, y por eso, cada elemento de nuestros dise\u00f1os es cuidadosamente seleccionado y elaborado a mano.<\/p><p><strong>M\u00e1s que Tartas<\/strong> Adem\u00e1s de nuestras deliciosas y hermosas tartas, especializamos en decoraciones tem\u00e1ticas hechas a mano. Ya sea para un cumplea\u00f1os, una boda, o cualquier celebraci\u00f3n especial, nuestras creaciones est\u00e1n dise\u00f1adas para complementar tu evento con un toque personal y \u00fanico.<\/p><p><strong>Innovaci\u00f3n y Originalidad<\/strong> Lo ordinario no tiene lugar en Pastel.Guru! Estamos constantemente buscando nuevas ideas, sabores y dise\u00f1os para asegurarnos de que cada creaci\u00f3n sea tan \u00fanica y especial como nuestros clientes. Para nosotros, cada proyecto es una oportunidad para explorar, innovar y crear algo verdaderamente original.<\/p><p><strong>\u00a1\u00danete a Nuestra Aventura Dulce!<\/strong> En Pastel.Guru cada postre cuenta una historia y cada tarta es un viaje de sabor y estilo. Te invitamos a descubrir la magia de nuestra reposter\u00eda y a compartir con nosotros la alegr\u00eda de crear algo \u00fanico. \u00a1Tu imaginaci\u00f3n es nuestro l\u00edmite!<\/p>\t\t\t\t\t\t\t\t<\/div>\n\t\t\t\t<\/div>\n\t\t\t\t\t<\/div>\n\t\t\t\t<\/div>\n\t\t<div class=\"elementor-element elementor-element-7efeeea e-flex e-con-boxed e-con e-parent\" data-id=\"7efeeea\" data-element_type=\"container\" data-e-type=\"container\">\n\t\t\t\t\t<div class=\"e-con-inner\">\n\t\t\t\t<div class=\"elementor-element elementor-element-64818da elementor-widget elementor-widget-text-editor\" data-id=\"64818da\" data-element_type=\"widget\" data-e-type=\"widget\" data-widget_type=\"text-editor.default\">\n\t\t\t\t<div class=\"elementor-widget-container\">\n\t\t\t\t\t\t\t\t\t<p><strong>Ubicaci\u00f3n y Entrega &#8211; Llevando Dulzura a tu Puerta \ud83d\ude9a\ud83c\udfe1<\/strong><\/p><p><strong>En el Coraz\u00f3n de Barcelona Maresme<\/strong> Situadas en la encantadora regi\u00f3n de Barcelona Maresme, Pastel.Guru es un oasis de dulzura y creatividad. Nuestra ubicaci\u00f3n nos inspira d\u00eda a d\u00eda, rodeadas de la belleza y el vibrante esp\u00edritu de Barcelona.<\/p><p><strong>Entregas en Provincia de Barcelona<\/strong> Entendemos que cada creaci\u00f3n nuestra es un arte delicado y merece ser tratado con el m\u00e1ximo cuidado. Por eso, ofrecemos un servicio especial de entrega a domicilio para nuestras tartas y creaciones m\u00e1s delicadas dentro de la Provincia de Barcelona. Nos aseguramos de que tu pedido llegue en perfectas condiciones, listo para ser el centro de atenci\u00f3n en tu evento o celebraci\u00f3n.<\/p><p><strong>Galletas y Brownies en Toda Espa\u00f1a<\/strong> \u00bfEst\u00e1s lejos de Barcelona pero deseas probar nuestras deliciosas galletas o brownies personalizados? \u00a1No hay problema! Hemos extendido nuestro servicio para enviar estas delicias a cualquier rinc\u00f3n de Espa\u00f1a. Empaquetados con cuidado y amor, nuestros brownies y galletas personalizadas son el regalo perfecto, capaz de llevar un pedacito de nuestra pasi\u00f3n hasta tu hogar, est\u00e9s donde est\u00e9s.<\/p><p><strong>Unimos Sabor y Estilo con Conveniencia<\/strong> En Pastel.Guru combinamos la excelencia en sabor y dise\u00f1o con la comodidad de recibir tus pedidos donde m\u00e1s lo necesitas. Ya sea una tarta elegante entregada a tu puerta en Barcelona o un paquete de galletas personalizadas que viaja a trav\u00e9s de Espa\u00f1a, estamos aqu\u00ed para hacer tu experiencia con nosotros tan placentera y conveniente como sea posible.<\/p><p><strong>\u00a1Esperamos Dulcemente tu Pedido!<\/strong> No importa donde est\u00e9s,Pastel.Guru est\u00e1 comprometida a llevar un toque de dulzura y alegr\u00eda a tu vida. \u00a1Estamos emocionadas de servirte y compartir nuestra pasi\u00f3n por la reposter\u00eda contigo!<\/p>\t\t\t\t\t\t\t\t<\/div>\n\t\t\t\t<\/div>\n\t\t\t\t\t<\/div>\n\t\t\t\t<\/div>\n\t\t<div class=\"elementor-element elementor-element-a077df4 e-flex e-con-boxed e-con e-parent\" data-id=\"a077df4\" data-element_type=\"container\" data-e-type=\"container\">\n\t\t\t\t\t<div class=\"e-con-inner\">\n\t\t<div class=\"elementor-element elementor-element-50e0da5 e-con-full e-flex e-con e-child\" data-id=\"50e0da5\" data-element_type=\"container\" data-e-type=\"container\">\n\t\t\t\t<div class=\"elementor-element elementor-element-6db9474 elementor-widget elementor-widget-image\" data-id=\"6db9474\" data-element_type=\"widget\" data-e-type=\"widget\" data-widget_type=\"image.default\">\n\t\t\t\t<div class=\"elementor-widget-container\">\n\t\t\t\t\t\t\t\t\t\t\t\t\t\t\t<img decoding=\"async\" width=\"813\" height=\"813\" src=\"https:\/\/pastel.guru\/wp-content\/uploads\/2023\/12\/30-1.png\" class=\"attachment-large size-large wp-image-148\" alt=\"\" srcset=\"https:\/\/pastel.guru\/wp-content\/uploads\/2023\/12\/30-1.png 813w, https:\/\/pastel.guru\/wp-content\/uploads\/2023\/12\/30-1-300x300.png 300w, https:\/\/pastel.guru\/wp-content\/uploads\/2023\/12\/30-1-150x150.png 150w, https:\/\/pastel.guru\/wp-content\/uploads\/2023\/12\/30-1-768x768.png 768w, https:\/\/pastel.guru\/wp-content\/uploads\/2023\/12\/30-1-600x600.png 600w, https:\/\/pastel.guru\/wp-content\/uploads\/2023\/12\/30-1-100x100.png 100w\" sizes=\"(max-width: 813px) 100vw, 813px\" \/>\t\t\t\t\t\t\t\t\t\t\t\t\t\t\t<\/div>\n\t\t\t\t<\/div>\n\t\t\t\t<\/div>\n\t\t<div class=\"elementor-element elementor-element-65ae372 e-con-full e-flex e-con e-child\" data-id=\"65ae372\" data-element_type=\"container\" data-e-type=\"container\">\n\t\t\t\t<div class=\"elementor-element elementor-element-e902094 elementor-widget elementor-widget-image\" data-id=\"e902094\" data-element_type=\"widget\" data-e-type=\"widget\" data-widget_type=\"image.default\">\n\t\t\t\t<div class=\"elementor-widget-container\">\n\t\t\t\t\t\t\t\t\t\t\t\t\t\t\t<img decoding=\"async\" width=\"1024\" height=\"1024\" src=\"https:\/\/pastel.guru\/wp-content\/uploads\/2023\/12\/6-copy-1024x1024.png\" class=\"attachment-large size-large wp-image-141\" alt=\"\" srcset=\"https:\/\/pastel.guru\/wp-content\/uploads\/2023\/12\/6-copy-1024x1024.png 1024w, https:\/\/pastel.guru\/wp-content\/uploads\/2023\/12\/6-copy-300x300.png 300w, https:\/\/pastel.guru\/wp-content\/uploads\/2023\/12\/6-copy-150x150.png 150w, https:\/\/pastel.guru\/wp-content\/uploads\/2023\/12\/6-copy-768x768.png 768w, https:\/\/pastel.guru\/wp-content\/uploads\/2023\/12\/6-copy-600x600.png 600w, https:\/\/pastel.guru\/wp-content\/uploads\/2023\/12\/6-copy-100x100.png 100w, https:\/\/pastel.guru\/wp-content\/uploads\/2023\/12\/6-copy.png 1125w\" sizes=\"(max-width: 1024px) 100vw, 1024px\" \/>\t\t\t\t\t\t\t\t\t\t\t\t\t\t\t<\/div>\n\t\t\t\t<\/div>\n\t\t\t\t<\/div>\n\t\t\t\t<div class=\"elementor-element elementor-element-cc419df elementor-widget elementor-widget-image\" data-id=\"cc419df\" data-element_type=\"widget\" data-e-type=\"widget\" data-widget_type=\"image.default\">\n\t\t\t\t<div class=\"elementor-widget-container\">\n\t\t\t\t\t\t\t\t\t\t\t\t\t\t\t<img decoding=\"async\" src=\"https:\/\/pastel.guru\/wp-content\/uploads\/2023\/12\/4-copy.png\" title=\"4 copy\" alt=\"4 copy\" loading=\"lazy\" \/>\t\t\t\t\t\t\t\t\t\t\t\t\t\t\t<\/div>\n\t\t\t\t<\/div>\n\t\t\t\t\t<\/div>\n\t\t\t\t<\/div>\n\t\t\t\t<\/div>\n\t\t","protected":false},"excerpt":{"rendered":"<p>Whatsapp Instagram Youtube Tiktok Sobre Nosotras &#8211; El Coraz\u00f3n de Nuestra Dulce Creaci\u00f3n \ud83e\uddc1\u2728 Bienvenidos a Paste.Guru donde la reposter\u00eda se encuentra con el arte. Somos dos chicas apasionadas por el dulce mundo de la reposter\u00eda y el dise\u00f1o, unidas por el sue\u00f1o de crear experiencias \u00fanicas y memorables a trav\u00e9s de nuestros postres. Nuestra [&hellip;]<\/p>\n","protected":false},"author":1,"featured_media":0,"parent":0,"menu_order":0,"comment_status":"closed","ping_status":"closed","template":"","meta":{"site-sidebar-layout":"no-sidebar","site-content-layout":"","ast-site-content-layout":"full-width-container","site-content-style":"default","site-sidebar-style":"default","ast-global-header-display":"","ast-banner-title-visibility":"","ast-main-header-display":"","ast-hfb-above-header-display":"","ast-hfb-below-header-display":"","ast-hfb-mobile-header-display":"","site-post-title":"disabled","ast-breadcrumbs-content":"","ast-featured-img":"disabled","footer-sml-layout":"","theme-transparent-header-meta":"","adv-header-id-meta":"","stick-header-meta":"","header-above-stick-meta":"","header-main-stick-meta":"","header-below-stick-meta":"","astra-migrate-meta-layouts":"default","ast-page-background-enabled":"default","ast-page-background-meta":{"desktop":{"background-color":"var(--ast-global-color-4)","background-image":"","background-repeat":"repeat","background-position":"center center","background-size":"auto","background-attachment":"scroll","background-type":"","background-media":"","overlay-type":"","overlay-color":"","overlay-opacity":"","overlay-gradient":""},"tablet":{"background-color":"","background-image":"","background-repeat":"repeat","background-position":"center center","background-size":"auto","background-attachment":"scroll","background-type":"","background-media":"","overlay-type":"","overlay-color":"","overlay-opacity":"","overlay-gradient":""},"mobile":{"background-color":"","background-image":"","background-repeat":"repeat","background-position":"center center","background-size":"auto","background-attachment":"scroll","background-type":"","background-media":"","overlay-type":"","overlay-color":"","overlay-opacity":"","overlay-gradient":""}},"ast-content-background-meta":{"desktop":{"background-color":"var(--ast-global-color-5)","background-image":"","background-repeat":"repeat","background-position":"center center","background-size":"auto","background-attachment":"scroll","background-type":"","background-media":"","overlay-type":"","overlay-color":"","overlay-opacity":"","overlay-gradient":""},"tablet":{"background-color":"var(--ast-global-color-5)","background-image":"","background-repeat":"repeat","background-position":"center center","background-size":"auto","background-attachment":"scroll","background-type":"","background-media":"","overlay-type":"","overlay-color":"","overlay-opacity":"","overlay-gradient":""},"mobile":{"background-color":"var(--ast-global-color-5)","background-image":"","background-repeat":"repeat","background-position":"center center","background-size":"auto","background-attachment":"scroll","background-type":"","background-media":"","overlay-type":"","overlay-color":"","overlay-opacity":"","overlay-gradient":""}},"footnotes":""},"class_list":["post-126","page","type-page","status-publish","hentry"],"jetpack_sharing_enabled":true,"_links":{"self":[{"href":"https:\/\/pastel.guru\/index.php\/wp-json\/wp\/v2\/pages\/126","targetHints":{"allow":["GET"]}}],"collection":[{"href":"https:\/\/pastel.guru\/index.php\/wp-json\/wp\/v2\/pages"}],"about":[{"href":"https:\/\/pastel.guru\/index.php\/wp-json\/wp\/v2\/types\/page"}],"author":[{"embeddable":true,"href":"https:\/\/pastel.guru\/index.php\/wp-json\/wp\/v2\/users\/1"}],"replies":[{"embeddable":true,"href":"https:\/\/pastel.guru\/index.php\/wp-json\/wp\/v2\/comments?post=126"}],"version-history":[{"count":7,"href":"https:\/\/pastel.guru\/index.php\/wp-json\/wp\/v2\/pages\/126\/revisions"}],"predecessor-version":[{"id":151,"href":"https:\/\/pastel.guru\/index.php\/wp-json\/wp\/v2\/pages\/126\/revisions\/151"}],"wp:attachment":[{"href":"https:\/\/pastel.guru\/index.php\/wp-json\/wp\/v2\/media?parent=126"}],"curies":[{"name":"wp","href":"https:\/\/api.w.org\/{rel}","templated":true}]}}